{"id":557,"date":"2023-10-01T23:48:41","date_gmt":"2023-10-01T22:48:41","guid":{"rendered":"https:\/\/lebulletinofficiel.com\/ar\/?page_id=557"},"modified":"2023-10-01T23:48:41","modified_gmt":"2023-10-01T22:48:41","slug":"conditions-generales-dutilisation","status":"publish","type":"page","link":"https:\/\/bulletinofficiel.com\/ar\/conditions-generales-dutilisation\/","title":{"rendered":"Conditions g\u00e9n\u00e9rales\u00a0d\u2019utilisation"},"content":{"rendered":"<p style=\"text-align: left;\">Conditions g\u00e9n\u00e9rales<strong>\u00a0d\u2019utilisation<\/strong><\/p>\n<p style=\"text-align: left;\">PR\u00c9AMBULE<\/p>\n<p style=\"text-align: left;\">Toute souscription d\u2019un ordre de publication implique pour l\u2019annonceur ou son mandataire l\u2019acceptation, sans r\u00e9serve aucune, des conditions g\u00e9n\u00e9rales de vente ci-apr\u00e8s.<\/p>\n<p style=\"text-align: left;\">Les conditions g\u00e9n\u00e9rales d\u00e9crivent les modalit\u00e9s et les conditions qui r\u00e9gissent l&rsquo;utilisation du service de r\u00e9daction des annonces l\u00e9gales en ligne du site \u00abwww.lebulletinofficiel.com \u00bb \u00e9dit\u00e9 par CAPITAL PME, , immatricul\u00e9e au Registre du Commerce et des Soci\u00e9t\u00e9s de CASABLANCA sous le num\u00e9ro 543651 dont le si\u00e8ge social est situ\u00e9 \u00e0 28 AVENUE DES FORCES ARMEES ROYALES CASABLANCA.<\/p>\n<p style=\"text-align: left;\"><strong>CAPITAL PME<\/strong>\u00a0se r\u00e9serve le droit de modifier la teneur des pr\u00e9sentes conditions g\u00e9n\u00e9rales \u00e0 tout moment et de notifier les modifications ainsi effectu\u00e9es, par simple publication sur son site. Les nouvelles conditions g\u00e9n\u00e9rales de vente sont, d\u00e8s lors, applicables dans l\u2019heure qui suit leur mise en ligne.<\/p>\n<p style=\"text-align: left;\">DESCRIPTION DU PROCESSUS DE DEMANDE DE PUBLICATION DES ANNONCES REGLEES EN LIGNE<\/p>\n<p style=\"text-align: left;\">Etape 1 \u00ab Je r\u00e9dige \u00bb :<\/p>\n<p style=\"text-align: left;\">A partir de la page d\u2019accueil, l\u2019annonceur peut proc\u00e9der \u00e0 la\u00a0<strong>r\u00e9daction de l\u2019annonce<\/strong>. Celle-ci s\u2019effectue de deux mani\u00e8res :<\/p>\n<p style=\"text-align: left;\">1) L&rsquo;annonceur choisit le mod\u00e8le qui l\u2019int\u00e9resse dans les listes. Pour les annonces de modification, il a la possibilit\u00e9 de s\u00e9lectionner plusieurs rubriques. L\u2019annonce comportera les diff\u00e9rentes modifications.<\/p>\n<p style=\"text-align: left;\">Il remplit le formulaire. Des exemples et des conseils sont disponibles pour chaque champ du formulaire.<\/p>\n<p style=\"text-align: left;\">2) L&rsquo;annonceur r\u00e9dige son annonce en texte libre.<\/p>\n<p style=\"text-align: left;\">L\u2019annonceur peut aussi commencer par se connecter \u00e0 son espace client et r\u00e9diger ensuite son annonce.<\/p>\n<p style=\"text-align: left;\">Etape 2 \u00ab J\u2019envoie \u00bb :<\/p>\n<p style=\"text-align: left;\">L\u2019annonceur re\u00e7oit l\u2019annonce r\u00e9dig\u00e9e par e-mail et pr\u00e9sent\u00e9e telle qu\u2019elle sera publi\u00e9e dans le journal et la relit.<\/p>\n<p style=\"text-align: left;\">Il a la possibilit\u00e9 de\u00a0<strong>corriger le texte<\/strong>\u00a0s\u2019il rel\u00e8ve des erreurs, des mentions inutiles ou manquantes. Il envoie<br \/>\nla correction par e-mail.<\/p>\n<p style=\"text-align: left;\"><strong>Identification :<\/strong><\/p>\n<p style=\"text-align: left;\">L\u2019annonceur indique ses identifiants s\u2019il est d\u00e9j\u00e0 inscrit sur le site.<\/p>\n<p style=\"text-align: left;\">S\u2019il a oubli\u00e9 son mot de passe, il utilise le lien d\u00e9di\u00e9. Il recevra un mail comportant son mot de passe.<\/p>\n<p style=\"text-align: left;\">Sinon, il proc\u00e8de \u00e0 son inscription. Il renseigne :<\/p>\n<ul style=\"text-align: left;\">\n<li>les informations obligatoires : identifiant, mot de passe, adresse email, nom et pr\u00e9nom<\/li>\n<li>ainsi que, \u00e9ventuellement, les informations facultatives telles que son num\u00e9ro de t\u00e9l\u00e9phone qui permettra de le contacter rapidement pour r\u00e9soudre toute question relative \u00e0 son annonce ou une adresse de facturation qui sera reprise pour toutes les annonces publi\u00e9es sur le site.<\/li>\n<\/ul>\n<p style=\"text-align: left;\"><strong>Validation de l\u2019annonce :<\/strong><\/p>\n<ul style=\"text-align: left;\">\n<li><strong>En mode \u00ab Relecture par le journal \u00bb :<\/strong><\/li>\n<\/ul>\n<p style=\"text-align: left;\">L\u2019annonce est transmise \u00e0 CAPITAL PME qui v\u00e9rifie si l\u2019annonce comporte les mentions obligatoires, si les mentions sont conformes \u00e0 la r\u00e9glementation.<\/p>\n<p style=\"text-align: left;\">Si CAPITAL PME rel\u00e8ve une omission ou une erreur, il envoie \u00e0 l\u2019annonceur un mail contenant une demande de compl\u00e9ment d\u2019information ou de rectification (forfait de 10 euros). L\u2019annonceur r\u00e9pond au mail et apporte les pr\u00e9cisions utiles. CAPITAL PME modifie le texte.<\/p>\n<p style=\"text-align: left;\">Lorsque l\u2019annonce est conforme, CAPITAL PME valide l\u2019annonce.<\/p>\n<p style=\"text-align: left;\">L\u2019annonceur re\u00e7oit un mail avec le lien qui lui permet d\u2019acc\u00e9der au devis.<\/p>\n<p style=\"text-align: left;\">Le paiement de l\u2019annonce constitue l\u2019ordre de publication.<\/p>\n<p style=\"text-align: left;\"><strong>CAPITAL PME<\/strong>\u00a0envoie par mail la\u00a0<strong>facture<\/strong>\u00a0correspondant \u00e0 l\u2019annonce.<\/p>\n<p style=\"text-align: left;\">Il envoie \u00e9galement le<strong>\u00a0journal d\u00e9mat\u00e9rialis\u00e9<\/strong>.<\/p>\n<p style=\"text-align: left;\">Les\u00a0<strong>exemplaires de journaux<\/strong>\u00a0pay\u00e9s par l\u2019annonceur sont exp\u00e9di\u00e9s par courrier apr\u00e8s leur parution.<\/p>\n<p style=\"text-align: left;\">DEMANDE DE PUBLICATION DES ANNONCES \u2013 CLIENTS EN COMPTE<\/p>\n<p style=\"text-align: left;\">L\u2019annonceur peut demander \u00e0\u00a0<strong>CAPITAL PME<\/strong>\u00a0de passer en mode \u00ab client en compte \u00bb.<\/p>\n<p style=\"text-align: left;\">Si\u00a0<strong>CAPITAL PME<\/strong>\u00a0acc\u00e8de \u00e0 sa demande, les factures seront \u00e9tablies soit au nom du titulaire du compte qui les r\u00e8glera sur relev\u00e9, soit au nom d&rsquo;un tiers qui devra r\u00e9gler \u00a0\u00a0avant la publication.<\/p>\n<p style=\"text-align: left;\">RESPONSABILITE DE L\u2019ANNONCEUR ET LIMITATIONS<\/p>\n<p style=\"text-align: left;\">L&rsquo;utilisateur est seul responsable de la r\u00e9daction et du contenu de l&rsquo;annonce qu&rsquo;il souhaite publier.<\/p>\n<p style=\"text-align: left;\">Il lui appartient, avant de confirmer et payer son ordre de publication, de v\u00e9rifier l&rsquo;exactitude du texte et des mentions qui y figurent pour \u00e9viter toute erreur ou toute contestation ult\u00e9rieure.<\/p>\n<p style=\"text-align: left;\">Tout rectificatif ou additif est payant.<\/p>\n<p style=\"text-align: left;\">L\u2019annonceur s\u2019assurera \u00e9galement de la stricte conformit\u00e9 de l\u2019annonce \u00e0 la r\u00e9glementation en vigueur.<\/p>\n<p style=\"text-align: left;\">Il veillera \u00e0 ce que le contenu des annonces ne comporte aucune allusion diffamatoire ou dommageable \u00e0 l&rsquo;\u00e9gard de quiconque.<\/p>\n<p style=\"text-align: left;\">Il s\u2019interdit de rechercher la responsabilit\u00e9 de CAPITAL PME qui ne saurait \u00eatre tenu responsable des dommages directs ou indirects r\u00e9sultant de l\u2019ex\u00e9cution de l\u2019ordre de publication.<\/p>\n<p style=\"text-align: left;\">L&rsquo;annonceur utilise le service sous sa seule responsabilit\u00e9 et \u00e0 ses risques et p\u00e9rils.<\/p>\n<p style=\"text-align: left;\">La responsabilit\u00e9 de CAPITAL PME ne pourra en aucune mani\u00e8re \u00eatre engag\u00e9e pour les dommages directs ou indirects que l\u2019annonceur pourrait subir du fait de la publication de l\u2019annonce.<\/p>\n<p style=\"text-align: left;\">Les formulaires d\u2019annonces propos\u00e9s sur le site le sont \u00e0 titre purement indicatif et ne sauraient engager la responsabilit\u00e9 de CAPITAL PME.<\/p>\n<p style=\"text-align: left;\">CAPITAL PME ne pourra \u00eatre tenu responsable du d\u00e9faut de r\u00e9ception de l\u2019attestation de publication ou de la facture, pour cause de d\u00e9faillance technique ou d\u2019erreur sur les coordonn\u00e9es mail qui auront \u00e9t\u00e9 communiqu\u00e9es par l\u2019annonceur pour la transmission des documents.<\/p>\n<p style=\"text-align: left;\">En cas de d\u00e9faut de publication d\u2019une annonce, \u00a0\u00a0CAPITAL PME proc\u00e8dera \u00e0 la publication dans les meilleurs d\u00e9lais. L\u2019annonceur ne pourra pr\u00e9tendre \u00e0 de quelconques dommages et int\u00e9r\u00eats.<\/p>\n<p style=\"text-align: left;\">CAPITAL PME est lib\u00e9r\u00e9 de l\u2019obligation de publier les annonces l\u00e9gales pour tout cas fortuit ou de force majeure (gr\u00e8ves, inondations, incendies\u2026). Dans ce cas, l\u2019annonceur sera rembours\u00e9 du co\u00fbt de la publication ou se verra proposer une autre publication.<\/p>\n<p style=\"text-align: left;\">L\u2019envoi d\u2019une attestation de parution \u00e9lectronique n\u2019est pas une garantie de bonne fin et ne saurait engager la responsabilit\u00e9 de CAPITAL PME en cas de d\u00e9faut de publication.<\/p>\n<p style=\"text-align: left;\">CAPITAL PME se r\u00e9serve le droit de refuser de publier toute annonce non-conforme aux dispositions l\u00e9gales et r\u00e8glementaires.<\/p>\n<p style=\"text-align: left;\">Les informations fournies via l&rsquo;assistance t\u00e9l\u00e9phonique ou par mail sont exclusivement relatives au fonctionnement du site, ainsi qu&rsquo;au suivi des ordres de parution. Aucun conseil juridique n&rsquo;est d\u00e9livr\u00e9 par ce biais.<\/p>\n<p style=\"text-align: left;\">PRIX<\/p>\n<p style=\"text-align: left;\">La publication effectu\u00e9e sur le site est factur\u00e9e sur la base du tarif et des modalit\u00e9s de publication en vigueur au moment de la publication.<\/p>\n<p style=\"text-align: left;\">ANNULATION ET MODIFICATION DES ANNONCES<\/p>\n<p style=\"text-align: left;\">Le droit de r\u00e9tractation ne peut \u00eatre exerc\u00e9, sauf si les parties en sont convenues autrement, pour les contrats de fourniture de services dont l&rsquo;ex\u00e9cution a commenc\u00e9, avec l&rsquo;accord du consommateur, avant la fin du d\u00e9lai de sept jours francs ;<\/p>\n<p style=\"text-align: left;\">La prestation fournie par le site \u00e9tant imm\u00e9diatement accessible apr\u00e8s paiement, aucune demande de remboursement ou d\u2019annulation ne sera accept\u00e9e.<\/p>\n<p style=\"text-align: left;\">En revanche, les modifications de texte seront possibles dans la mesure o\u00f9 elles interviennent avant la parution de l\u2019annonce.<\/p>\n<p style=\"text-align: left;\">Si l\u2019annonce valid\u00e9e et r\u00e9gl\u00e9e comporte une erreur,\u00a0<strong>CAPITAL PME<\/strong>\u00a0contactera l\u2019annonceur par mail ou par t\u00e9l\u00e9phone afin de rectifier l\u2019annonce avant la publication. Si la rectification entra\u00eene l\u2019ajout de modifications suppl\u00e9mentaires, un r\u00e8glement compl\u00e9mentaire sera demand\u00e9.<\/p>\n<p style=\"text-align: left;\"><strong>CAPITAL PME<\/strong>\u00a0se r\u00e9serve le droit de ne pas publier l\u2019annonce si la publication est inappropri\u00e9e. Dans ce cas, il proposera \u00e0 l\u2019annonceur une publication conforme ou un remboursement.<\/p>\n<p style=\"text-align: left;\">ACCEPTATION<\/p>\n<p style=\"text-align: left;\">Le\u00a0<strong>\u00ab\u00a0clic\u00a0\u00bb<\/strong>\u00a0du client dans la case\u00a0<strong>\u00ab\u00a0j&rsquo;accepte les conditions g\u00e9n\u00e9rales de vente\u00a0\u00bb<\/strong>, vaut acceptation desdites conditions et a valeur de signature manuscrite. Par ce \u00ab\u00a0clic\u00a0\u00bb, l&rsquo;utilisateur d\u00e9clare avoir lu et accept\u00e9\u00a0<u>sans r\u00e9serve<\/u>\u00a0les pr\u00e9sentes conditions g\u00e9n\u00e9rales.<br \/>\nEn cas de non-respect des pr\u00e9sentes conditions g\u00e9n\u00e9rales ou d&rsquo;abus d&rsquo;un utilisateur,\u00a0<strong>CAPITAL PME<\/strong>\u00a0se r\u00e9serve le droit, sans avertissement pr\u00e9alable, et unilat\u00e9ralement, de suspendre le service ou de supprimer l&rsquo;acc\u00e8s de l&rsquo;utilisateur concern\u00e9 de mani\u00e8re temporaire ou d\u00e9finitive.<\/p>\n<p style=\"text-align: left;\">LOI APPLICABLE ET REGLEMENT DES LITIGES<\/p>\n<p style=\"text-align: left;\">Les pr\u00e9sentes conditions g\u00e9n\u00e9rales de ventes sont soumises \u00e0 CAPITAL PME Maroc.<\/p>\n<p style=\"text-align: left;\">Tout litige susceptible de r\u00e9sulter de l&rsquo;interpr\u00e9tation ou de l&rsquo;ex\u00e9cution des pr\u00e9sentes conditions g\u00e9n\u00e9rales de vente ou de l\u2019ordre de publication ou de toutes \u00e9ventuelles conditions techniques r\u00e9gissant cet ordre de publication ou de l&rsquo;utilisation du site sera soumis \u00e0 la comp\u00e9tence exclusive du Tribunal de Commerce de Casablanca.<\/p>\n<p style=\"text-align: left;\">Pour avis,<\/p>\n<p style=\"text-align: left;\"><strong>CAPITAL PME<\/strong><strong><br \/>\nDirection<\/strong><\/p>\n<p style=\"text-align: left;\">\n","protected":false},"excerpt":{"rendered":"<p>Conditions g\u00e9n\u00e9rales\u00a0d\u2019utilisation PR\u00c9AMBULE Toute souscription d\u2019un ordre de publication implique pour l\u2019annonceur ou son mandataire l\u2019acceptation, sans r\u00e9serve aucune, des conditions g\u00e9n\u00e9rales de vente ci-apr\u00e8s. Les conditions g\u00e9n\u00e9rales d\u00e9crivent les modalit\u00e9s et les conditions qui r\u00e9gissent l&rsquo;utilisation du service de r\u00e9daction des annonces l\u00e9gales en ligne du site \u00abwww.lebulletinofficiel.com \u00bb \u00e9dit\u00e9 par CAPITAL PME, , &hellip;<\/p>\n","protected":false},"author":1,"featured_media":0,"parent":0,"menu_order":0,"comment_status":"closed","ping_status":"closed","template":"","meta":{"footnotes":""},"class_list":["post-557","page","type-page","status-publish",""],"_links":{"self":[{"href":"https:\/\/bulletinofficiel.com\/ar\/wp-json\/wp\/v2\/pages\/557","targetHints":{"allow":["GET"]}}],"collection":[{"href":"https:\/\/bulletinofficiel.com\/ar\/wp-json\/wp\/v2\/pages"}],"about":[{"href":"https:\/\/bulletinofficiel.com\/ar\/wp-json\/wp\/v2\/types\/page"}],"author":[{"embeddable":true,"href":"https:\/\/bulletinofficiel.com\/ar\/wp-json\/wp\/v2\/users\/1"}],"replies":[{"embeddable":true,"href":"https:\/\/bulletinofficiel.com\/ar\/wp-json\/wp\/v2\/comments?post=557"}],"version-history":[{"count":1,"href":"https:\/\/bulletinofficiel.com\/ar\/wp-json\/wp\/v2\/pages\/557\/revisions"}],"predecessor-version":[{"id":558,"href":"https:\/\/bulletinofficiel.com\/ar\/wp-json\/wp\/v2\/pages\/557\/revisions\/558"}],"wp:attachment":[{"href":"https:\/\/bulletinofficiel.com\/ar\/wp-json\/wp\/v2\/media?parent=557"}],"curies":[{"name":"wp","href":"https:\/\/api.w.org\/{rel}","templated":true}]}}